{"id":21983,"date":"2022-01-20T15:45:11","date_gmt":"2022-01-20T15:45:11","guid":{"rendered":"https:\/\/demo24.houzez.co\/?page_id=21983"},"modified":"2025-11-05T17:27:30","modified_gmt":"2025-11-05T17:27:30","slug":"find-an-agent","status":"publish","type":"page","link":"https:\/\/mghirealty.com\/es\/find-an-agent\/","title":{"rendered":"Find an agent"},"content":{"rendered":"<div data-elementor-type=\"wp-page\" data-elementor-id=\"21983\" class=\"elementor elementor-21983\">\n\t\t\t\t<div class=\"elementor-element elementor-element-6b62496 e-flex e-con-boxed e-con e-parent\" data-id=\"6b62496\" data-element_type=\"container\" data-e-type=\"container\" data-settings=\"{&quot;background_background&quot;:&quot;classic&quot;,&quot;jet_parallax_layout_list&quot;:[]}\">\n\t\t\t\t\t<div class=\"e-con-inner\">\n\t\t\t\t<div class=\"elementor-element elementor-element-0c287d1 elementor-widget elementor-widget-spacer\" data-id=\"0c287d1\" data-element_type=\"widget\" data-e-type=\"widget\" data-widget_type=\"spacer.default\">\n\t\t\t\t\t\t\t<div class=\"elementor-spacer\">\n\t\t\t<div class=\"elementor-spacer-inner\"><\/div>\n\t\t<\/div>\n\t\t\t\t\t\t<\/div>\n\t\t<div class=\"elementor-element elementor-element-6a0f5b3 e-con-full e-flex e-con e-child\" data-id=\"6a0f5b3\" data-element_type=\"container\" data-e-type=\"container\" data-settings=\"{&quot;jet_parallax_layout_list&quot;:[]}\">\n\t\t\t\t<div class=\"elementor-element elementor-element-d89c7fb elementor-widget elementor-widget-heading\" data-id=\"d89c7fb\" data-element_type=\"widget\" data-e-type=\"widget\" data-widget_type=\"heading.default\">\n\t\t\t\t\t<h2 class=\"elementor-heading-title elementor-size-default\">Encuentra a tu agente inmobiliario ideal\n<\/h2>\t\t\t\t<\/div>\n\t\t\t\t<div class=\"elementor-element elementor-element-49a239f elementor-widget elementor-widget-text-editor\" data-id=\"49a239f\" data-element_type=\"widget\" data-e-type=\"widget\" data-widget_type=\"text-editor.default\">\n\t\t\t\t\t\t\t\t\t<p>Con\u00e9ctese con profesionales con licencia que se especializan en su mercado y hablan su idioma.<\/p>\t\t\t\t\t\t\t\t<\/div>\n\t\t\t\t<\/div>\n\t\t\t\t\t<\/div>\n\t\t\t\t<\/div>\n\t\t<div class=\"elementor-element elementor-element-f64160e e-flex e-con-boxed e-con e-parent\" data-id=\"f64160e\" data-element_type=\"container\" data-e-type=\"container\" data-settings=\"{&quot;jet_parallax_layout_list&quot;:[]}\">\n\t\t\t\t\t<div class=\"e-con-inner\">\n\t\t\t\t<div class=\"elementor-element elementor-element-a0262ad agent_grid elementor-widget elementor-widget-houzez_elementor_agents_grid\" data-id=\"a0262ad\" data-element_type=\"widget\" data-e-type=\"widget\" data-widget_type=\"houzez_elementor_agents_grid.default\">\n\t\t\t\t<div class=\"elementor-widget-container\">\n\t\t\t\t\t\n        <div class=\"agent-v3-grid-module agents-grid-view row row-cols-1 row-cols-md-2 row-cols-lg-3 row-cols-xl-3 g-3\">\n\n            <article class=\"agent-grid-container\" id=\"44564\">\n\t<div class=\"agent-grid-wrap agent-grid-wrap-v2\">\t\n\t\t<header class=\"agent-grid-image-wrap text-center\">\n\t\t\t<a class=\"agent-grid-image d-block\" href=\"https:\/\/mghirealty.com\/es\/agent\/edwin-perez-montalvo\/\">\n\t\t\t\t<img fetchpriority=\"high\" decoding=\"async\" width=\"570\" height=\"626\" src=\"https:\/\/mghirealty.com\/wp-content\/uploads\/2025\/10\/Edwin-Perez-Montalvo-Agents.png\" class=\"img-fluid wp-post-image\" alt=\"\" srcset=\"https:\/\/mghirealty.com\/wp-content\/uploads\/2025\/10\/Edwin-Perez-Montalvo-Agents.png 570w, https:\/\/mghirealty.com\/wp-content\/uploads\/2025\/10\/Edwin-Perez-Montalvo-Agents-11x12.png 11w\" sizes=\"(max-width: 570px) 100vw, 570px\" \/>\t\t\t\t\n\n\t\t\t\t\t\t\t<\/a>\n\t\t\t<h2 class=\"mt-4 mb-1\"><a href=\"https:\/\/mghirealty.com\/es\/agent\/edwin-perez-montalvo\/\">Edwin P\u00e9rez-Montalvo<\/a><\/h2>\n\t\t\t\t\t\t<div class=\"agent-list-position mb-3\" role=\"text\">CEO<\/div>\n\t\t\t\t\t<\/header>\n\t\t<div class=\"agent-grid-content-wrap text-center p-3\">\n\t\t\t<ul class=\"agent-list-contact list-unstyled\">\n\t\t\t\t\t\t\t\t<li class=\"agent-listings-count\">Properties: <strong>1<\/strong><\/li>\n\t\t\t\t\n\t\t\t\t\t\t\t\t<li class=\"agent-languages-list\">Language: <strong>English and Spanish<\/strong><\/li>\n\t\t\t\t\t\t\t<\/ul>\n\t\t\t<a class=\"btn btn-primary-outlined w-100\" href=\"https:\/\/mghirealty.com\/es\/agent\/edwin-perez-montalvo\/\" role=\"button\">\n\t\t\t\tView Profile<\/a>\n\t\t<\/div>\n\t<\/div>\n<\/article><article class=\"agent-grid-container\" id=\"44567\">\n\t<div class=\"agent-grid-wrap agent-grid-wrap-v2\">\t\n\t\t<header class=\"agent-grid-image-wrap text-center\">\n\t\t\t<a class=\"agent-grid-image d-block\" href=\"https:\/\/mghirealty.com\/es\/agent\/carmen-m-perez-de-la-matta\/\">\n\t\t\t\t<img decoding=\"async\" width=\"570\" height=\"595\" src=\"https:\/\/mghirealty.com\/wp-content\/uploads\/2025\/10\/Carmen-M-Perez-De-La-Matta-agents-1.png\" class=\"img-fluid wp-post-image\" alt=\"\" srcset=\"https:\/\/mghirealty.com\/wp-content\/uploads\/2025\/10\/Carmen-M-Perez-De-La-Matta-agents-1.png 570w, https:\/\/mghirealty.com\/wp-content\/uploads\/2025\/10\/Carmen-M-Perez-De-La-Matta-agents-1-11x12.png 11w\" sizes=\"(max-width: 570px) 100vw, 570px\" \/>\t\t\t\t\n\n\t\t\t\t\t\t\t<\/a>\n\t\t\t<h2 class=\"mt-4 mb-1\"><a href=\"https:\/\/mghirealty.com\/es\/agent\/carmen-m-perez-de-la-matta\/\">Carmen M. P\u00e9rez-De La Matta<\/a><\/h2>\n\t\t\t\t\t\t<div class=\"agent-list-position mb-3\" role=\"text\">CFO<\/div>\n\t\t\t\t\t<\/header>\n\t\t<div class=\"agent-grid-content-wrap text-center p-3\">\n\t\t\t<ul class=\"agent-list-contact list-unstyled\">\n\t\t\t\t\t\t\t\t<li class=\"agent-listings-count\">Properties: <strong>1<\/strong><\/li>\n\t\t\t\t\n\t\t\t\t\t\t\t\t<li class=\"agent-languages-list\">Language: <strong>English, Spanish<\/strong><\/li>\n\t\t\t\t\t\t\t<\/ul>\n\t\t\t<a class=\"btn btn-primary-outlined w-100\" href=\"https:\/\/mghirealty.com\/es\/agent\/carmen-m-perez-de-la-matta\/\" role=\"button\">\n\t\t\t\tView Profile<\/a>\n\t\t<\/div>\n\t<\/div>\n<\/article><article class=\"agent-grid-container\" id=\"44561\">\n\t<div class=\"agent-grid-wrap agent-grid-wrap-v2\">\t\n\t\t<header class=\"agent-grid-image-wrap text-center\">\n\t\t\t<a class=\"agent-grid-image d-block\" href=\"https:\/\/mghirealty.com\/es\/agent\/ana-mabel-alvarez-torres\/\">\n\t\t\t\t<img decoding=\"async\" width=\"780\" height=\"780\" src=\"https:\/\/mghirealty.com\/wp-content\/uploads\/2025\/10\/Ana-Mabel-Alvarez-Torres-e1761461122286-780x780.jpg\" class=\"img-fluid wp-post-image\" alt=\"\" srcset=\"https:\/\/mghirealty.com\/wp-content\/uploads\/2025\/10\/Ana-Mabel-Alvarez-Torres-e1761461122286-780x780.jpg 780w, https:\/\/mghirealty.com\/wp-content\/uploads\/2025\/10\/Ana-Mabel-Alvarez-Torres-e1761461122286-150x150.jpg 150w\" sizes=\"(max-width: 780px) 100vw, 780px\" \/>\t\t\t\t\n\n\t\t\t\t\t\t\t<\/a>\n\t\t\t<h2 class=\"mt-4 mb-1\"><a href=\"https:\/\/mghirealty.com\/es\/agent\/ana-mabel-alvarez-torres\/\">Ana Mabel \u00c1lvarez Torres<\/a><\/h2>\n\t\t\t\t\t\t<div class=\"agent-list-position mb-3\" role=\"text\">Real Estate Salesperson<\/div>\n\t\t\t\t\t<\/header>\n\t\t<div class=\"agent-grid-content-wrap text-center p-3\">\n\t\t\t<ul class=\"agent-list-contact list-unstyled\">\n\t\t\t\t\n\t\t\t\t\t\t\t\t<li class=\"agent-languages-list\">Language: <strong>Spanish<\/strong><\/li>\n\t\t\t\t\t\t\t<\/ul>\n\t\t\t<a class=\"btn btn-primary-outlined w-100\" href=\"https:\/\/mghirealty.com\/es\/agent\/ana-mabel-alvarez-torres\/\" role=\"button\">\n\t\t\t\tView Profile<\/a>\n\t\t<\/div>\n\t<\/div>\n<\/article><article class=\"agent-grid-container\" id=\"45895\">\n\t<div class=\"agent-grid-wrap agent-grid-wrap-v2\">\t\n\t\t<header class=\"agent-grid-image-wrap text-center\">\n\t\t\t<a class=\"agent-grid-image d-block\" href=\"https:\/\/mghirealty.com\/es\/agent\/wilkins-r-fernandez-diaz\/\">\n\t\t\t\t<img loading=\"lazy\" decoding=\"async\" width=\"780\" height=\"780\" src=\"https:\/\/mghirealty.com\/wp-content\/uploads\/2026\/04\/wilkins-r-fernandez-diaz-mghi-realty-780x780.jpeg\" class=\"img-fluid wp-post-image\" alt=\"\" \/>\t\t\t\t\n\n\t\t\t\t\t\t\t<\/a>\n\t\t\t<h2 class=\"mt-4 mb-1\"><a href=\"https:\/\/mghirealty.com\/es\/agent\/wilkins-r-fernandez-diaz\/\">Wilkins R. Fernandez Diaz<\/a><\/h2>\n\t\t\t\t\t\t<div class=\"agent-list-position mb-3\" role=\"text\">Broker Inmobiliario<\/div>\n\t\t\t\t\t<\/header>\n\t\t<div class=\"agent-grid-content-wrap text-center p-3\">\n\t\t\t<ul class=\"agent-list-contact list-unstyled\">\n\t\t\t\t\n\t\t\t\t\t\t\t\t<li class=\"agent-languages-list\">Language: <strong>Spanish<\/strong><\/li>\n\t\t\t\t\t\t\t<\/ul>\n\t\t\t<a class=\"btn btn-primary-outlined w-100\" href=\"https:\/\/mghirealty.com\/es\/agent\/wilkins-r-fernandez-diaz\/\" role=\"button\">\n\t\t\t\tView Profile<\/a>\n\t\t<\/div>\n\t<\/div>\n<\/article>        <\/div><!-- agent-module -->\n\n        \n        \t\t\t\t<\/div>\n\t\t\t\t<\/div>\n\t\t\t\t\t<\/div>\n\t\t\t\t<\/div>\n\t\t<div class=\"elementor-element elementor-element-5579f98 e-flex e-con-boxed e-con e-parent\" data-id=\"5579f98\" data-element_type=\"container\" data-e-type=\"container\" data-settings=\"{&quot;jet_parallax_layout_list&quot;:[]}\">\n\t\t\t\t\t<div class=\"e-con-inner\">\n\t\t\t\t<div class=\"elementor-element elementor-element-ab1739a elementor-widget elementor-widget-houzez_elementor_space\" data-id=\"ab1739a\" data-element_type=\"widget\" data-e-type=\"widget\" data-widget_type=\"houzez_elementor_space.default\">\n\t\t\t\t<div class=\"elementor-widget-container\">\n\t\t\t\t\t        <div class=\"houzez-spacer\">\n            <div class=\"houzez-spacer-inner\"><\/div>\n        <\/div>\n        \t\t\t\t<\/div>\n\t\t\t\t<\/div>\n\t\t\t\t\t<\/div>\n\t\t\t\t<\/div>\n\t\t\t\t<\/div>","protected":false},"excerpt":{"rendered":"<p>Find Your Perfect Real Estate Agent Connect with licensed professionals who specialize in your market and speak your language Edwin P\u00e9rez-Montalvo CEO Properties: 4 Language: English and Spanish View Profile Carmen M. P\u00e9rez-De La Matta CFO Properties: 7 Language: English, Spanish View Profile Ana Mabel \u00c1lvarez Torres Real Estate Salesperson Properties: 6 Language: Spanish View [&hellip;]<\/p>\n","protected":false},"author":5,"featured_media":0,"parent":0,"menu_order":0,"comment_status":"closed","ping_status":"closed","template":"elementor_header_footer","meta":{"footnotes":""},"class_list":["post-21983","page","type-page","status-publish","hentry"],"_links":{"self":[{"href":"https:\/\/mghirealty.com\/es\/wp-json\/wp\/v2\/pages\/21983","targetHints":{"allow":["GET"]}}],"collection":[{"href":"https:\/\/mghirealty.com\/es\/wp-json\/wp\/v2\/pages"}],"about":[{"href":"https:\/\/mghirealty.com\/es\/wp-json\/wp\/v2\/types\/page"}],"author":[{"embeddable":true,"href":"https:\/\/mghirealty.com\/es\/wp-json\/wp\/v2\/users\/5"}],"replies":[{"embeddable":true,"href":"https:\/\/mghirealty.com\/es\/wp-json\/wp\/v2\/comments?post=21983"}],"version-history":[{"count":83,"href":"https:\/\/mghirealty.com\/es\/wp-json\/wp\/v2\/pages\/21983\/revisions"}],"predecessor-version":[{"id":45880,"href":"https:\/\/mghirealty.com\/es\/wp-json\/wp\/v2\/pages\/21983\/revisions\/45880"}],"wp:attachment":[{"href":"https:\/\/mghirealty.com\/es\/wp-json\/wp\/v2\/media?parent=21983"}],"curies":[{"name":"wp","href":"https:\/\/api.w.org\/{rel}","templated":true}]}}